{"id":15,"date":"2022-10-18T10:54:33","date_gmt":"2022-10-18T10:54:33","guid":{"rendered":"https:\/\/sarpul.com\/?page_id=15"},"modified":"2023-08-03T19:25:59","modified_gmt":"2023-08-03T16:25:59","slug":"hakkimizda","status":"publish","type":"page","link":"https:\/\/sarpul.com\/ru\/hakkimizda\/","title":{"rendered":"\u041e \u043d\u0430\u0441"},"content":{"rendered":"<div data-elementor-type=\"wp-page\" data-elementor-id=\"15\" class=\"elementor elementor-15\">\n\t\t\t\t\t\t<section class=\"elementor-section elementor-top-section elementor-element elementor-element-d3806f7 elementor-section-full_width elementor-section-stretched elementor-section-height-default elementor-section-height-default\" data-id=\"d3806f7\" data-element_type=\"section\" data-settings=\"{&quot;stretch_section&quot;:&quot;section-stretched&quot;}\">\n\t\t\t\t\t\t<div class=\"elementor-container elementor-column-gap-wider\">\n\t\t\t\t\t<div class=\"elementor-column elementor-col-100 elementor-top-column elementor-element elementor-element-caf6059\" data-id=\"caf6059\" data-element_type=\"column\" data-settings=\"{&quot;background_background&quot;:&quot;classic&quot;}\">\n\t\t\t<div class=\"elementor-widget-wrap elementor-element-populated\">\n\t\t\t\t\t\t<section class=\"elementor-section elementor-inner-section elementor-element elementor-element-dcbbfa0 elementor-section-boxed elementor-section-height-default elementor-section-height-default\" data-id=\"dcbbfa0\" data-element_type=\"section\">\n\t\t\t\t\t\t<div class=\"elementor-container elementor-column-gap-default\">\n\t\t\t\t\t<div class=\"elementor-column elementor-col-50 elementor-inner-column elementor-element elementor-element-7d21b83\" data-id=\"7d21b83\" data-element_type=\"column\">\n\t\t\t<div class=\"elementor-widget-wrap elementor-element-populated\">\n\t\t\t\t\t\t<div class=\"elementor-element elementor-element-ba7fdf4 elementor-widget elementor-widget-image\" data-id=\"ba7fdf4\" data-element_type=\"widget\" data-widget_type=\"image.default\">\n\t\t\t\t<div class=\"elementor-widget-container\">\n\t\t\t\t\t\t\t\t\t\t\t\t\t\t\t<img fetchpriority=\"high\" decoding=\"async\" width=\"800\" height=\"549\" src=\"https:\/\/sarpul.com\/wp-content\/uploads\/2023\/08\/6206717-min.png\" class=\"attachment-full size-full wp-image-850\" alt=\"\" srcset=\"https:\/\/sarpul.com\/wp-content\/uploads\/2023\/08\/6206717-min.png 800w, https:\/\/sarpul.com\/wp-content\/uploads\/2023\/08\/6206717-min-500x343.png 500w, https:\/\/sarpul.com\/wp-content\/uploads\/2023\/08\/6206717-min-300x206.png 300w, https:\/\/sarpul.com\/wp-content\/uploads\/2023\/08\/6206717-min-768x527.png 768w, https:\/\/sarpul.com\/wp-content\/uploads\/2023\/08\/6206717-min-109x75.png 109w, https:\/\/sarpul.com\/wp-content\/uploads\/2023\/08\/6206717-min-480x329.png 480w\" sizes=\"(max-width:767px) 480px, (max-width:800px) 100vw, 800px\" \/>\t\t\t\t\t\t\t\t\t\t\t\t\t\t\t<\/div>\n\t\t\t\t<\/div>\n\t\t\t\t\t<\/div>\n\t\t<\/div>\n\t\t\t\t<div class=\"elementor-column elementor-col-50 elementor-inner-column elementor-element elementor-element-5266136\" data-id=\"5266136\" data-element_type=\"column\">\n\t\t\t<div class=\"elementor-widget-wrap elementor-element-populated\">\n\t\t\t\t\t\t<div class=\"elementor-element elementor-element-db378e4 elementor-widget elementor-widget-heading\" data-id=\"db378e4\" data-element_type=\"widget\" data-widget_type=\"heading.default\">\n\t\t\t\t<div class=\"elementor-widget-container\">\n\t\t\t\t\t<h1 class=\"elementor-heading-title elementor-size-default\">\u0412\u043e \u0432\u043d\u0435\u0448\u043d\u0435\u0439 \u0442\u043e\u0440\u0433\u043e\u0432\u043b\u0435, \u0438\u043c\u043f\u043e\u0440\u0442\u0435 \u0438 \u044d\u043a\u0441\u043f\u043e\u0440\u0442\u0435\n<span style=\"color:#ffbf29\"> \u0412\u0430\u0448 \u043d\u0430\u0434\u0435\u0436\u043d\u044b\u0439 <\/span>\u043f\u0430\u0440\u0442\u043d\u0451\u0440 \u0441 \u0431\u043e\u0433\u0430\u0442\u044b\u043c \u043e\u043f\u044b\u0442\u043e\u043c!<\/h1>\t\t\t\t<\/div>\n\t\t\t\t<\/div>\n\t\t\t\t<div class=\"elementor-element elementor-element-f64331e elementor-widget__width-initial elementor-widget elementor-widget-heading\" data-id=\"f64331e\" data-element_type=\"widget\" data-widget_type=\"heading.default\">\n\t\t\t\t<div class=\"elementor-widget-container\">\n\t\t\t\t\t<h5 class=\"elementor-heading-title elementor-size-default\">\u041a\u043e\u043c\u043f\u0430\u043d\u0438\u044f Sarpul Foreign Trade and Representation \u0440\u0430\u0431\u043e\u0442\u0430\u0435\u0442 \u0432 \u0441\u0444\u0435\u0440\u0435 \u0438\u043c\u043f\u043e\u0440\u0442\u0430 \u0438 \u044d\u043a\u0441\u043f\u043e\u0440\u0442\u0430 \u043d\u0430 \u0440\u044b\u043d\u043a\u0430\u0445 \u0420\u043e\u0441\u0441\u0438\u0438 \u0438 \u0422\u044e\u0440\u043a\u0441\u043a\u0438\u0445 \u0440\u0435\u0441\u043f\u0443\u0431\u043b\u0438\u043a. \u0411\u043b\u0430\u0433\u043e\u0434\u0430\u0440\u044f \u043d\u0430\u0448\u0435\u043c\u0443 \u043e\u043f\u044b\u0442\u0443 \u043d\u0430 \u043c\u0438\u0440\u043e\u0432\u044b\u0445 \u0440\u044b\u043d\u043a\u0430\u0445 \u0438 \u043f\u0440\u043e\u0444\u0435\u0441\u0441\u0438\u043e\u043d\u0430\u043b\u044c\u043d\u043e\u0439 \u043a\u043e\u043c\u0430\u043d\u0434\u0435, \u043c\u044b \u0441\u0442\u0440\u0435\u043c\u0438\u043c\u0441\u044f \u043f\u0440\u0435\u0434\u043e\u0441\u0442\u0430\u0432\u043b\u044f\u0442\u044c \u043a\u043b\u0438\u0435\u043d\u0442\u0430\u043c \u043b\u0443\u0447\u0448\u0435\u0435 \u043e\u0431\u0441\u043b\u0443\u0436\u0438\u0432\u0430\u043d\u0438\u0435, \u043f\u043e\u0441\u0442\u043e\u044f\u043d\u043d\u043e \u0440\u0430\u0437\u0432\u0438\u0432\u0430\u044f\u0441\u044c \u0437\u0430 \u0441\u0447\u0435\u0442 \u0443\u0441\u043f\u0435\u0448\u043d\u043e\u0433\u043e \u0441\u043e\u0442\u0440\u0443\u0434\u043d\u0438\u0447\u0435\u0441\u0442\u0432\u0430 \u0438 \u043d\u0430\u0434\u0435\u0436\u043d\u044b\u0445 \u0442\u043e\u0440\u0433\u043e\u0432\u044b\u0445 \u043f\u0430\u0440\u0442\u043d\u0435\u0440\u0441\u0442\u0432.\n<br><br>\n\u0412 \u043a\u043e\u043c\u043f\u0430\u043d\u0438\u0438 Sarpul Foreign Trade and Representation \u043c\u044b \u0433\u043e\u0440\u0434\u0438\u043c\u0441\u044f \u0442\u0435\u043c, \u0447\u0442\u043e \u044f\u0432\u043b\u044f\u0435\u043c\u0441\u044f \u0447\u0430\u0441\u0442\u044c\u044e \u0443\u0441\u043f\u0435\u0445\u0430 \u043d\u0430\u0448\u0438\u0445 \u043a\u043b\u0438\u0435\u043d\u0442\u043e\u0432 \u0431\u043b\u0430\u0433\u043e\u0434\u0430\u0440\u044f \u043d\u0430\u0448\u0435\u043c\u0443 \u043e\u0431\u0448\u0438\u0440\u043d\u043e\u043c\u0443 \u043e\u043f\u044b\u0442\u0443 \u0432 \u043e\u0431\u043b\u0430\u0441\u0442\u0438 \u0432\u043d\u0435\u0448\u043d\u0435\u0439 \u0442\u043e\u0440\u0433\u043e\u0432\u043b\u0438, \u0438\u043c\u043f\u043e\u0440\u0442\u0430 \u0438 \u044d\u043a\u0441\u043f\u043e\u0440\u0442\u0430. \u0415\u0441\u043b\u0438 \u0432\u044b \u0438\u0449\u0435\u0442\u0435 \u043a\u0430\u0447\u0435\u0441\u0442\u0432\u0435\u043d\u043d\u043e\u0433\u043e \u0438 \u043d\u0430\u0434\u0435\u0436\u043d\u043e\u0433\u043e \u043f\u0430\u0440\u0442\u043d\u0435\u0440\u0430 \u0432 \u043c\u0435\u0436\u0434\u0443\u043d\u0430\u0440\u043e\u0434\u043d\u043e\u0439 \u0442\u043e\u0440\u0433\u043e\u0432\u043b\u0435, \u043d\u0435 \u0441\u0442\u0435\u0441\u043d\u044f\u0439\u0442\u0435\u0441\u044c \u0441\u0432\u044f\u0437\u0430\u0442\u044c\u0441\u044f \u0441 \u043d\u0430\u043c\u0438. \u041c\u044b \u0437\u0434\u0435\u0441\u044c, \u0447\u0442\u043e\u0431\u044b \u043f\u0440\u0435\u0434\u043e\u0441\u0442\u0430\u0432\u0438\u0442\u044c \u0432\u0430\u043c \u043d\u0430\u0438\u0431\u043e\u043b\u0435\u0435 \u043f\u043e\u0434\u0445\u043e\u0434\u044f\u0449\u0438\u0435 \u0442\u043e\u0440\u0433\u043e\u0432\u044b\u0435 \u0440\u0435\u0448\u0435\u043d\u0438\u044f!<\/h5>\t\t\t\t<\/div>\n\t\t\t\t<\/div>\n\t\t\t\t\t<\/div>\n\t\t<\/div>\n\t\t\t\t\t<\/div>\n\t\t<\/section>\n\t\t\t\t<section class=\"elementor-section elementor-inner-section elementor-element elementor-element-7575670 elementor-section-boxed elementor-section-height-default elementor-section-height-default\" data-id=\"7575670\" data-element_type=\"section\" data-settings=\"{&quot;background_background&quot;:&quot;classic&quot;}\">\n\t\t\t\t\t\t<div class=\"elementor-container elementor-column-gap-default\">\n\t\t\t\t\t<div class=\"elementor-column elementor-col-100 elementor-inner-column elementor-element elementor-element-18dde15\" data-id=\"18dde15\" data-element_type=\"column\">\n\t\t\t<div class=\"elementor-widget-wrap elementor-element-populated\">\n\t\t\t\t\t\t<div class=\"elementor-element elementor-element-3d8f97e elementor-widget elementor-widget-heading\" data-id=\"3d8f97e\" data-element_type=\"widget\" data-widget_type=\"heading.default\">\n\t\t\t\t<div class=\"elementor-widget-container\">\n\t\t\t\t\t<h2 class=\"elementor-heading-title elementor-size-default\">\u041d\u0410\u0428\u0418 \u042d\u041a\u0421\u041f\u0415\u0420\u0422\u041d\u042b\u0415 \u041d\u0410\u0412\u042b\u041a\u0418<\/h2>\t\t\t\t<\/div>\n\t\t\t\t<\/div>\n\t\t\t\t<div class=\"elementor-element elementor-element-f1bbb06 elementor-widget elementor-widget-heading\" data-id=\"f1bbb06\" data-element_type=\"widget\" data-widget_type=\"heading.default\">\n\t\t\t\t<div class=\"elementor-widget-container\">\n\t\t\t\t\t<h6 class=\"elementor-heading-title elementor-size-default\">\u0427\u0442\u043e \u043c\u044b \u043c\u043e\u0436\u0435\u043c \u0441\u0434\u0435\u043b\u0430\u0442\u044c \u0434\u043b\u044f \u0432\u0430\u0441?<\/h6>\t\t\t\t<\/div>\n\t\t\t\t<\/div>\n\t\t\t\t\t<\/div>\n\t\t<\/div>\n\t\t\t\t\t<\/div>\n\t\t<\/section>\n\t\t\t\t<section class=\"elementor-section elementor-inner-section elementor-element elementor-element-8ab6ed1 uzmanliklar elementor-section-boxed elementor-section-height-default elementor-section-height-default\" data-id=\"8ab6ed1\" data-element_type=\"section\" data-settings=\"{&quot;background_background&quot;:&quot;classic&quot;}\">\n\t\t\t\t\t\t<div class=\"elementor-container elementor-column-gap-default\">\n\t\t\t\t\t<div class=\"elementor-column elementor-col-33 elementor-inner-column elementor-element elementor-element-1ccdf3d\" data-id=\"1ccdf3d\" data-element_type=\"column\">\n\t\t\t<div class=\"elementor-widget-wrap elementor-element-populated\">\n\t\t\t\t\t\t<div class=\"elementor-element elementor-element-a36f78d elementor-view-default elementor-position-top elementor-mobile-position-top elementor-widget elementor-widget-icon-box\" data-id=\"a36f78d\" data-element_type=\"widget\" data-widget_type=\"icon-box.default\">\n\t\t\t\t<div class=\"elementor-widget-container\">\n\t\t\t\t\t\t\t<div class=\"elementor-icon-box-wrapper\">\n\n\t\t\t\t\t\t<div class=\"elementor-icon-box-icon\">\n\t\t\t\t<span  class=\"elementor-icon\">\n\t\t\t\t<i aria-hidden=\"true\" class=\"far fa-check-circle\"><\/i>\t\t\t\t<\/span>\n\t\t\t<\/div>\n\t\t\t\n\t\t\t\t\t\t<div class=\"elementor-icon-box-content\">\n\n\t\t\t\t\t\t\t\t\t<h3 class=\"elementor-icon-box-title\">\n\t\t\t\t\t\t<span  >\n\t\t\t\t\t\t\t\u042d\u043a\u0441\u043f\u043e\u0440\u0442\t\t\t\t\t\t<\/span>\n\t\t\t\t\t<\/h3>\n\t\t\t\t\n\t\t\t\t\t\t\t\t\t<p class=\"elementor-icon-box-description\">\n\t\t\t\t\t\t\u041c\u044b \u0441\u043e\u0434\u0435\u0439\u0441\u0442\u0432\u0443\u0435\u043c \u044d\u043a\u0441\u043f\u043e\u0440\u0442\u0443 \u0432\u044b\u0441\u043e\u043a\u043e\u043a\u0430\u0447\u0435\u0441\u0442\u0432\u0435\u043d\u043d\u043e\u0439 \u043f\u0440\u043e\u0434\u0443\u043a\u0446\u0438\u0438, \u043f\u0440\u043e\u0438\u0437\u0432\u043e\u0434\u0438\u043c\u043e\u0439 \u0432 \u0440\u0430\u0437\u043b\u0438\u0447\u043d\u044b\u0445 \u043e\u0442\u0440\u0430\u0441\u043b\u044f\u0445 \u0422\u0443\u0440\u0446\u0438\u0438, \u043d\u0430 \u043c\u0435\u0436\u0434\u0443\u043d\u0430\u0440\u043e\u0434\u043d\u044b\u0435 \u0440\u044b\u043d\u043a\u0438. \u0411\u043b\u0430\u0433\u043e\u0434\u0430\u0440\u044f \u043d\u0430\u0448\u0435\u0439 \u0433\u043b\u043e\u0431\u0430\u043b\u044c\u043d\u043e\u0439 \u0441\u0435\u0442\u0438 \u043a\u043b\u0438\u0435\u043d\u0442\u043e\u0432 \u0438 \u044d\u0444\u0444\u0435\u043a\u0442\u0438\u0432\u043d\u044b\u043c \u043a\u0430\u043d\u0430\u043b\u0430\u043c \u0440\u0430\u0441\u043f\u0440\u0435\u0434\u0435\u043b\u0435\u043d\u0438\u044f, \u0430 \u0442\u0430\u043a\u0436\u0435 \u043f\u0430\u0440\u0442\u043d\u0451\u0440\u0441\u043a\u0438\u043c \u043a\u043e\u043c\u043f\u0430\u043d\u0438\u044f\u043c \u0432 \u0440\u0430\u0437\u043d\u044b\u0445 \u0441\u0442\u0440\u0430\u043d\u0430\u0445, \u043c\u044b \u0443\u0441\u043f\u0435\u0448\u043d\u043e \u043f\u0440\u0435\u0434\u0441\u0442\u0430\u0432\u043b\u044f\u0435\u043c \u043f\u0440\u043e\u0434\u0443\u043a\u0446\u0438\u044e \u043d\u0430\u0448\u0438\u0445 \u043a\u043b\u0438\u0435\u043d\u0442\u043e\u0432 \u043d\u0430 \u043c\u0435\u0436\u0434\u0443\u043d\u0430\u0440\u043e\u0434\u043d\u044b\u0445 \u0440\u044b\u043d\u043a\u0430\u0445.\t\t\t\t\t<\/p>\n\t\t\t\t\n\t\t\t<\/div>\n\t\t\t\n\t\t<\/div>\n\t\t\t\t\t\t<\/div>\n\t\t\t\t<\/div>\n\t\t\t\t\t<\/div>\n\t\t<\/div>\n\t\t\t\t<div class=\"elementor-column elementor-col-33 elementor-inner-column elementor-element elementor-element-195d2f5\" data-id=\"195d2f5\" data-element_type=\"column\">\n\t\t\t<div class=\"elementor-widget-wrap elementor-element-populated\">\n\t\t\t\t\t\t<div class=\"elementor-element elementor-element-fc82a3f elementor-view-default elementor-position-top elementor-mobile-position-top elementor-widget elementor-widget-icon-box\" data-id=\"fc82a3f\" data-element_type=\"widget\" data-widget_type=\"icon-box.default\">\n\t\t\t\t<div class=\"elementor-widget-container\">\n\t\t\t\t\t\t\t<div class=\"elementor-icon-box-wrapper\">\n\n\t\t\t\t\t\t<div class=\"elementor-icon-box-icon\">\n\t\t\t\t<span  class=\"elementor-icon\">\n\t\t\t\t<i aria-hidden=\"true\" class=\"far fa-check-circle\"><\/i>\t\t\t\t<\/span>\n\t\t\t<\/div>\n\t\t\t\n\t\t\t\t\t\t<div class=\"elementor-icon-box-content\">\n\n\t\t\t\t\t\t\t\t\t<h3 class=\"elementor-icon-box-title\">\n\t\t\t\t\t\t<span  >\n\t\t\t\t\t\t\t\u0418\u043c\u043f\u043e\u0440\u0442\t\t\t\t\t\t<\/span>\n\t\t\t\t\t<\/h3>\n\t\t\t\t\n\t\t\t\t\t\t\t\t\t<p class=\"elementor-icon-box-description\">\n\t\t\t\t\t\t\u041c\u044b \u043f\u043e\u0441\u0442\u0430\u0432\u043b\u044f\u0435\u043c \u0442\u043e\u0432\u0430\u0440\u044b, \u043a\u043e\u0442\u043e\u0440\u044b\u0435 \u0432\u044b \u0445\u043e\u0442\u0438\u0442\u0435 \u0437\u0430\u043a\u0443\u043f\u0438\u0442\u044c \u0437\u0430 \u0440\u0443\u0431\u0435\u0436\u043e\u043c, \u043d\u0430 \u0441\u0430\u043c\u044b\u0445 \u0432\u044b\u0433\u043e\u0434\u043d\u044b\u0445 \u0443\u0441\u043b\u043e\u0432\u0438\u044f\u0445. \u0411\u043b\u0430\u0433\u043e\u0434\u0430\u0440\u044f \u043d\u0430\u0448\u0435\u0439 \u043e\u0431\u0448\u0438\u0440\u043d\u043e\u0439 \u0441\u0435\u0442\u0438 \u043f\u043e\u0441\u0442\u0430\u0432\u0449\u0438\u043a\u043e\u0432 \u0438 \u0441\u0438\u043b\u044c\u043d\u043e\u0439 \u043b\u043e\u0433\u0438\u0441\u0442\u0438\u0447\u0435\u0441\u043a\u043e\u0439 \u0438\u043d\u0444\u0440\u0430\u0441\u0442\u0440\u0443\u043a\u0442\u0443\u0440\u0435, \u043c\u044b \u0443\u043f\u0440\u043e\u0449\u0430\u0435\u043c \u0432\u0430\u0448\u0438 \u043f\u0440\u043e\u0446\u0435\u0441\u0441\u044b \u0438\u043c\u043f\u043e\u0440\u0442\u0430. \u0417\u0430\u043a\u0443\u043f\u0430\u044f \u0432\u044b\u0441\u043e\u043a\u043e\u043a\u0430\u0447\u0435\u0441\u0442\u0432\u0435\u043d\u043d\u044b\u0435 \u0442\u043e\u0432\u0430\u0440\u044b \u0443 \u043d\u0430\u0434\u0435\u0436\u043d\u044b\u0445 \u043f\u043e\u0441\u0442\u0430\u0432\u0449\u0438\u043a\u043e\u0432, \u043c\u044b \u0443\u0434\u043e\u0432\u043b\u0435\u0442\u0432\u043e\u0440\u044f\u0435\u043c \u043e\u0436\u0438\u0434\u0430\u043d\u0438\u044f \u043d\u0430\u0448\u0438\u0445 \u043a\u043b\u0438\u0435\u043d\u0442\u043e\u0432.\t\t\t\t\t<\/p>\n\t\t\t\t\n\t\t\t<\/div>\n\t\t\t\n\t\t<\/div>\n\t\t\t\t\t\t<\/div>\n\t\t\t\t<\/div>\n\t\t\t\t\t<\/div>\n\t\t<\/div>\n\t\t\t\t<div class=\"elementor-column elementor-col-33 elementor-inner-column elementor-element elementor-element-109f62c\" data-id=\"109f62c\" data-element_type=\"column\">\n\t\t\t<div class=\"elementor-widget-wrap elementor-element-populated\">\n\t\t\t\t\t\t<div class=\"elementor-element elementor-element-5e899e9 elementor-view-default elementor-position-top elementor-mobile-position-top elementor-widget elementor-widget-icon-box\" data-id=\"5e899e9\" data-element_type=\"widget\" data-widget_type=\"icon-box.default\">\n\t\t\t\t<div class=\"elementor-widget-container\">\n\t\t\t\t\t\t\t<div class=\"elementor-icon-box-wrapper\">\n\n\t\t\t\t\t\t<div class=\"elementor-icon-box-icon\">\n\t\t\t\t<span  class=\"elementor-icon\">\n\t\t\t\t<i aria-hidden=\"true\" class=\"far fa-check-circle\"><\/i>\t\t\t\t<\/span>\n\t\t\t<\/div>\n\t\t\t\n\t\t\t\t\t\t<div class=\"elementor-icon-box-content\">\n\n\t\t\t\t\t\t\t\t\t<h3 class=\"elementor-icon-box-title\">\n\t\t\t\t\t\t<span  >\n\t\t\t\t\t\t\t\u041a\u043e\u043d\u0441\u0443\u043b\u044c\u0442\u0430\u0446\u0438\u043e\u043d\u043d\u044b\u0435 \u0443\u0441\u043b\u0443\u0433\u0438\t\t\t\t\t\t<\/span>\n\t\t\t\t\t<\/h3>\n\t\t\t\t\n\t\t\t\t\t\t\t\t\t<p class=\"elementor-icon-box-description\">\n\t\t\t\t\t\t\u0421 \u043d\u0430\u0448\u0435\u0439 \u044d\u043a\u0441\u043f\u0435\u0440\u0442\u043d\u043e\u0439 \u043a\u043e\u043c\u0430\u043d\u0434\u043e\u0439 \u0432 \u043e\u0431\u043b\u0430\u0441\u0442\u0438 \u0432\u043d\u0435\u0448\u043d\u0435\u0439 \u0442\u043e\u0440\u0433\u043e\u0432\u043b\u0438, \u0438\u043c\u043f\u043e\u0440\u0442\u0430 \u0438 \u044d\u043a\u0441\u043f\u043e\u0440\u0442\u0430, \u043c\u044b \u043f\u0440\u0435\u0434\u043e\u0441\u0442\u0430\u0432\u043b\u044f\u0435\u043c \u043a\u043e\u043d\u0441\u0443\u043b\u044c\u0442\u0430\u0446\u0438\u043e\u043d\u043d\u044b\u0435 \u0443\u0441\u043b\u0443\u0433\u0438 \u043d\u0430\u0448\u0438\u043c \u043a\u043b\u0438\u0435\u043d\u0442\u0430\u043c, \u0432 \u043f\u0435\u0440\u0432\u0443\u044e \u043e\u0447\u0435\u0440\u0435\u0434\u044c \u0432 \u0420\u043e\u0441\u0441\u0438\u0438. \u041c\u044b \u043f\u0440\u0435\u0434\u043b\u0430\u0433\u0430\u0435\u043c \u043f\u0440\u043e\u0444\u0435\u0441\u0441\u0438\u043e\u043d\u0430\u043b\u044c\u043d\u0443\u044e \u043f\u043e\u0434\u0434\u0435\u0440\u0436\u043a\u0443 \u0432 \u0442\u0430\u043a\u0438\u0445 \u043e\u0431\u043b\u0430\u0441\u0442\u044f\u0445, \u043a\u0430\u043a \u043d\u043e\u0440\u043c\u0430\u0442\u0438\u0432\u043d\u044b\u0435 \u0430\u043a\u0442\u044b, \u0442\u0430\u043c\u043e\u0436\u0435\u043d\u043d\u044b\u0435 \u043f\u0440\u043e\u0446\u0435\u0434\u0443\u0440\u044b, \u043b\u043e\u0433\u0438\u0441\u0442\u0438\u043a\u0430 \u0438 \u0438\u0441\u0441\u043b\u0435\u0434\u043e\u0432\u0430\u043d\u0438\u0435 \u0440\u044b\u043d\u043a\u0430, \u043f\u043e\u043c\u043e\u0433\u0430\u044f \u043d\u0430\u0448\u0438\u043c \u043a\u043b\u0438\u0435\u043d\u0442\u0430\u043c \u0434\u043e\u0441\u0442\u0438\u0433\u0430\u0442\u044c \u0443\u0441\u043f\u0435\u0445\u0430 \u0432 \u043c\u0435\u0436\u0434\u0443\u043d\u0430\u0440\u043e\u0434\u043d\u043e\u0439 \u0442\u043e\u0440\u0433\u043e\u0432\u043b\u0435.\t\t\t\t\t<\/p>\n\t\t\t\t\n\t\t\t<\/div>\n\t\t\t\n\t\t<\/div>\n\t\t\t\t\t\t<\/div>\n\t\t\t\t<\/div>\n\t\t\t\t\t<\/div>\n\t\t<\/div>\n\t\t\t\t\t<\/div>\n\t\t<\/section>\n\t\t\t\t<div class=\"elementor-element elementor-element-3472af9 elementor-widget elementor-widget-heading\" data-id=\"3472af9\" data-element_type=\"widget\" data-widget_type=\"heading.default\">\n\t\t\t\t<div class=\"elementor-widget-container\">\n\t\t\t\t\t<h2 class=\"elementor-heading-title elementor-size-default\">\u041d\u0410\u0428\u0418 \u041f\u0420\u0415\u0418\u041c\u0423\u0429\u0415\u0421\u0422\u0412\u0410<\/h2>\t\t\t\t<\/div>\n\t\t\t\t<\/div>\n\t\t\t\t<div class=\"elementor-element elementor-element-53041f2 elementor-widget elementor-widget-heading\" data-id=\"53041f2\" data-element_type=\"widget\" data-widget_type=\"heading.default\">\n\t\t\t\t<div class=\"elementor-widget-container\">\n\t\t\t\t\t<h6 class=\"elementor-heading-title elementor-size-default\">\u041f\u043e\u0447\u0435\u043c\u0443 \u0441\u0442\u043e\u0438\u0442 \u0432\u044b\u0431\u0440\u0430\u0442\u044c \u043a\u043e\u043c\u043f\u0430\u043d\u0438\u044e Sarpul Foreign Trade and Representation?<\/h6>\t\t\t\t<\/div>\n\t\t\t\t<\/div>\n\t\t\t\t<section class=\"elementor-section elementor-inner-section elementor-element elementor-element-1b6af1b elementor-section-boxed elementor-section-height-default elementor-section-height-default\" data-id=\"1b6af1b\" data-element_type=\"section\">\n\t\t\t\t\t\t<div class=\"elementor-container elementor-column-gap-wide\">\n\t\t\t\t\t<div class=\"elementor-column elementor-col-50 elementor-inner-column elementor-element elementor-element-83dc5c9\" data-id=\"83dc5c9\" data-element_type=\"column\">\n\t\t\t<div class=\"elementor-widget-wrap elementor-element-populated\">\n\t\t\t\t\t\t<div class=\"elementor-element elementor-element-2e16b27 elementor-widget elementor-widget-text-editor\" data-id=\"2e16b27\" data-element_type=\"widget\" data-widget_type=\"text-editor.default\">\n\t\t\t\t<div class=\"elementor-widget-container\">\n\t\t\t\t\t\t\t\t\t<p><strong>\u042d\u043a\u0441\u043f\u0435\u0440\u0442\u043d\u0430\u044f \u043a\u043e\u043c\u0430\u043d\u0434\u0430<\/strong>: \u041d\u0430\u0448\u0430 \u0432\u044b\u0441\u043e\u043a\u043e\u043a\u0432\u0430\u043b\u0438\u0444\u0438\u0446\u0438\u0440\u043e\u0432\u0430\u043d\u043d\u0430\u044f \u0438 \u043e\u043f\u044b\u0442\u043d\u0430\u044f \u043a\u043e\u043c\u0430\u043d\u0434\u0430 \u0440\u0430\u0431\u043e\u0442\u0430\u0435\u0442 \u0443\u0441\u0435\u0440\u0434\u043d\u043e, \u0447\u0442\u043e\u0431\u044b \u043f\u0440\u0435\u0434\u043e\u0441\u0442\u0430\u0432\u043b\u044f\u0442\u044c \u043b\u0443\u0447\u0448\u0438\u0439 \u0441\u0435\u0440\u0432\u0438\u0441 \u043d\u0430\u0448\u0438\u043c \u043a\u043b\u0438\u0435\u043d\u0442\u0430\u043c. \u041c\u044b \u0432\u043d\u0438\u043c\u0430\u0442\u0435\u043b\u044c\u043d\u043e \u0441\u043b\u0435\u0434\u0438\u043c \u0437\u0430 \u0440\u0430\u0437\u0432\u0438\u0442\u0438\u0435\u043c \u043e\u0442\u0440\u0430\u0441\u043b\u0438, \u0438\u043d\u0444\u043e\u0440\u043c\u0438\u0440\u0443\u0435\u043c \u043d\u0430\u0448\u0438\u0445 \u043a\u043b\u0438\u0435\u043d\u0442\u043e\u0432 \u0438 \u043f\u043e\u043c\u043e\u0433\u0430\u0435\u043c \u0438\u043c \u0441 \u043d\u0430\u0438\u0431\u043e\u043b\u0435\u0435 \u0442\u043e\u0447\u043d\u044b\u043c\u0438 \u0441\u0442\u0440\u0430\u0442\u0435\u0433\u0438\u044f\u043c\u0438.<\/p><p><strong>\u041d\u0430\u0434\u0435\u0436\u043d\u043e\u0441\u0442\u044c<\/strong>: \u041e\u0440\u0438\u0435\u043d\u0442\u0438\u0440\u0443\u044f\u0441\u044c \u043d\u0430 \u0443\u0434\u043e\u0432\u043b\u0435\u0442\u0432\u043e\u0440\u0435\u043d\u0438\u0435 \u043f\u043e\u0442\u0440\u0435\u0431\u043d\u043e\u0441\u0442\u0435\u0439 \u043a\u043b\u0438\u0435\u043d\u0442\u043e\u0432, \u043c\u044b \u0432\u0435\u0434\u0435\u043c \u0441\u0432\u043e\u0439 \u0431\u0438\u0437\u043d\u0435\u0441, \u043e\u0441\u043d\u043e\u0432\u044b\u0432\u0430\u044f\u0441\u044c \u043d\u0430 \u044d\u0442\u0438\u0447\u0435\u0441\u043a\u0438\u0445 \u0446\u0435\u043d\u043d\u043e\u0441\u0442\u044f\u0445. \u041c\u044b \u043f\u0440\u0438\u043d\u0438\u043c\u0430\u0435\u043c \u043f\u0440\u043e\u0437\u0440\u0430\u0447\u043d\u044b\u0435 \u0438 \u0441\u043f\u0440\u0430\u0432\u0435\u0434\u043b\u0438\u0432\u044b\u0435 \u043f\u0440\u0438\u043d\u0446\u0438\u043f\u044b \u0442\u043e\u0440\u0433\u043e\u0432\u043b\u0438, \u0447\u0442\u043e\u0431\u044b \u0437\u0430\u0432\u043e\u0435\u0432\u044b\u0432\u0430\u0442\u044c \u0438 \u043f\u043e\u0434\u0434\u0435\u0440\u0436\u0438\u0432\u0430\u0442\u044c \u0434\u043e\u0432\u0435\u0440\u0438\u0435 \u043d\u0430\u0448\u0438\u0445 \u043a\u043b\u0438\u0435\u043d\u0442\u043e\u0432.<\/p>\t\t\t\t\t\t\t\t<\/div>\n\t\t\t\t<\/div>\n\t\t\t\t\t<\/div>\n\t\t<\/div>\n\t\t\t\t<div class=\"elementor-column elementor-col-50 elementor-inner-column elementor-element elementor-element-74c0e07\" data-id=\"74c0e07\" data-element_type=\"column\">\n\t\t\t<div class=\"elementor-widget-wrap elementor-element-populated\">\n\t\t\t\t\t\t<div class=\"elementor-element elementor-element-456c5df elementor-widget elementor-widget-text-editor\" data-id=\"456c5df\" data-element_type=\"widget\" data-widget_type=\"text-editor.default\">\n\t\t\t\t<div class=\"elementor-widget-container\">\n\t\t\t\t\t\t\t\t\t<p><strong>\u0413\u043b\u043e\u0431\u0430\u043b\u044c\u043d\u0430\u044f \u0441\u0435\u0442\u044c<\/strong>: \u0411\u043b\u0430\u0433\u043e\u0434\u0430\u0440\u044f \u043d\u0430\u0448\u0435\u0439 \u043e\u0431\u0448\u0438\u0440\u043d\u043e\u0439 \u0441\u0435\u0442\u0438 \u043a\u043b\u0438\u0435\u043d\u0442\u043e\u0432 \u0438 \u043f\u043e\u0441\u0442\u0430\u0432\u0449\u0438\u043a\u043e\u0432, \u043c\u044b \u0438\u0441\u043f\u043e\u043b\u044c\u0437\u0443\u0435\u043c \u0433\u043b\u043e\u0431\u0430\u043b\u044c\u043d\u044b\u0435 \u0432\u043e\u0437\u043c\u043e\u0436\u043d\u043e\u0441\u0442\u0438 \u0438 \u043f\u0440\u0435\u0434\u043b\u0430\u0433\u0430\u0435\u043c \u043d\u0430\u0448\u0438\u043c \u043a\u043b\u0438\u0435\u043d\u0442\u0430\u043c \u0440\u0430\u0437\u043d\u043e\u043e\u0431\u0440\u0430\u0437\u043d\u044b\u0435 \u0442\u043e\u0440\u0433\u043e\u0432\u044b\u0435 \u0432\u043e\u0437\u043c\u043e\u0436\u043d\u043e\u0441\u0442\u0438.<\/p><p><strong>\u0411\u044b\u0441\u0442\u0440\u044b\u0435 \u0438 \u044d\u0444\u0444\u0435\u043a\u0442\u0438\u0432\u043d\u044b\u0435 \u0440\u0435\u0448\u0435\u043d\u0438\u044f<\/strong>: \u0410\u0434\u0430\u043f\u0442\u0438\u0440\u0443\u044f\u0441\u044c \u043a \u0431\u044b\u0441\u0442\u0440\u044b\u043c \u0438\u0437\u043c\u0435\u043d\u0435\u043d\u0438\u044f\u043c \u0432 \u043e\u0442\u0440\u0430\u0441\u043b\u0438, \u043c\u044b \u0431\u044b\u0441\u0442\u0440\u043e \u0438 \u044d\u0444\u0444\u0435\u043a\u0442\u0438\u0432\u043d\u043e \u0440\u0435\u0430\u0433\u0438\u0440\u0443\u0435\u043c \u043d\u0430 \u043f\u043e\u0442\u0440\u0435\u0431\u043d\u043e\u0441\u0442\u0438 \u043d\u0430\u0448\u0438\u0445 \u043a\u043b\u0438\u0435\u043d\u0442\u043e\u0432. \u041d\u0430\u0448 \u043e\u0440\u0438\u0435\u043d\u0442\u0438\u0440\u043e\u0432\u0430\u043d\u043d\u044b\u0439 \u043d\u0430 \u0440\u0435\u0448\u0435\u043d\u0438\u0435 \u043f\u043e\u0434\u0445\u043e\u0434 \u0443\u043f\u0440\u043e\u0449\u0430\u0435\u0442 \u0432\u0430\u0448\u0443 \u0434\u0435\u043b\u043e\u0432\u0443\u044e \u0434\u0435\u044f\u0442\u0435\u043b\u044c\u043d\u043e\u0441\u0442\u044c.<\/p>\t\t\t\t\t\t\t\t<\/div>\n\t\t\t\t<\/div>\n\t\t\t\t\t<\/div>\n\t\t<\/div>\n\t\t\t\t\t<\/div>\n\t\t<\/section>\n\t\t\t\t\t<\/div>\n\t\t<\/div>\n\t\t\t\t\t<\/div>\n\t\t<\/section>\n\t\t\t\t<\/div>","protected":false},"excerpt":{"rendered":"<p>D\u0131\u015f Ticaret, \u0130thalat ve \u0130hracat Alan\u0131nda Zengin Deneyime Sahip \u00c7\u00f6z\u00fcm Orta\u011f\u0131n\u0131z! Sarpul D\u0131\u015f Ticaret ve M\u00fcmessillik olarak, ithalat ve ihracat alanlar\u0131nda Rusya ve T\u00fcrki Cumhuriyetler b\u00f6lgelerinde<span class=\"excerpt-hellip\"> [\u2026]<\/span><\/p>","protected":false},"author":1,"featured_media":0,"parent":0,"menu_order":0,"comment_status":"closed","ping_status":"closed","template":"","meta":{"footnotes":""},"class_list":["post-15","page","type-page","status-publish","hentry"],"_links":{"self":[{"href":"https:\/\/sarpul.com\/ru\/wp-json\/wp\/v2\/pages\/15","targetHints":{"allow":["GET"]}}],"collection":[{"href":"https:\/\/sarpul.com\/ru\/wp-json\/wp\/v2\/pages"}],"about":[{"href":"https:\/\/sarpul.com\/ru\/wp-json\/wp\/v2\/types\/page"}],"author":[{"embeddable":true,"href":"https:\/\/sarpul.com\/ru\/wp-json\/wp\/v2\/users\/1"}],"replies":[{"embeddable":true,"href":"https:\/\/sarpul.com\/ru\/wp-json\/wp\/v2\/comments?post=15"}],"version-history":[{"count":0,"href":"https:\/\/sarpul.com\/ru\/wp-json\/wp\/v2\/pages\/15\/revisions"}],"wp:attachment":[{"href":"https:\/\/sarpul.com\/ru\/wp-json\/wp\/v2\/media?parent=15"}],"curies":[{"name":"wp","href":"https:\/\/api.w.org\/{rel}","templated":true}]}}