{"id":515,"date":"2023-07-26T00:08:37","date_gmt":"2023-07-25T21:08:37","guid":{"rendered":"https:\/\/sarpul.com\/?page_id=515"},"modified":"2023-08-16T00:09:29","modified_gmt":"2023-08-15T21:09:29","slug":"faaliyet-alanlarimiz","status":"publish","type":"page","link":"https:\/\/sarpul.com\/ru\/faaliyet-alanlarimiz\/","title":{"rendered":"\u041d\u0430\u0448\u0430 \u0434\u0435\u044f\u0442\u0435\u043b\u044c\u043d\u043e\u0441\u0442\u044c"},"content":{"rendered":"<div data-elementor-type=\"wp-page\" data-elementor-id=\"515\" class=\"elementor elementor-515\">\n\t\t\t\t\t\t<section class=\"elementor-section elementor-top-section elementor-element elementor-element-25d3e5c elementor-section-full_width elementor-section-stretched elementor-section-height-default elementor-section-height-default\" data-id=\"25d3e5c\" data-element_type=\"section\" data-settings=\"{&quot;stretch_section&quot;:&quot;section-stretched&quot;}\">\n\t\t\t\t\t\t<div class=\"elementor-container elementor-column-gap-wider\">\n\t\t\t\t\t<div class=\"elementor-column elementor-col-100 elementor-top-column elementor-element elementor-element-be47f39\" data-id=\"be47f39\" data-element_type=\"column\" data-settings=\"{&quot;background_background&quot;:&quot;classic&quot;}\">\n\t\t\t<div class=\"elementor-widget-wrap elementor-element-populated\">\n\t\t\t\t\t\t<section class=\"elementor-section elementor-inner-section elementor-element elementor-element-1279811 elementor-section-boxed elementor-section-height-default elementor-section-height-default\" data-id=\"1279811\" data-element_type=\"section\">\n\t\t\t\t\t\t<div class=\"elementor-container elementor-column-gap-default\">\n\t\t\t\t\t<div class=\"elementor-column elementor-col-25 elementor-inner-column elementor-element elementor-element-12d1197 elementor-hidden-tablet elementor-hidden-mobile\" data-id=\"12d1197\" data-element_type=\"column\">\n\t\t\t<div class=\"elementor-widget-wrap\">\n\t\t\t\t\t\t\t<\/div>\n\t\t<\/div>\n\t\t\t\t<div class=\"elementor-column elementor-col-50 elementor-inner-column elementor-element elementor-element-f5d113e\" data-id=\"f5d113e\" data-element_type=\"column\">\n\t\t\t<div class=\"elementor-widget-wrap elementor-element-populated\">\n\t\t\t\t\t\t<div class=\"elementor-element elementor-element-b2f6c2b elementor-widget elementor-widget-heading\" data-id=\"b2f6c2b\" data-element_type=\"widget\" data-widget_type=\"heading.default\">\n\t\t\t\t<div class=\"elementor-widget-container\">\n\t\t\t\t\t<h2 class=\"elementor-heading-title elementor-size-default\">\u041d\u0430\u0448\u0430 \u0434\u0435\u044f\u0442\u0435\u043b\u044c\u043d\u043e\u0441\u0442\u044c<\/h2>\t\t\t\t<\/div>\n\t\t\t\t<\/div>\n\t\t\t\t<div class=\"elementor-element elementor-element-8798bc5 elementor-widget-tablet__width-initial elementor-widget elementor-widget-text-editor\" data-id=\"8798bc5\" data-element_type=\"widget\" data-widget_type=\"text-editor.default\">\n\t\t\t\t<div class=\"elementor-widget-container\">\n\t\t\t\t\t\t\t\t\t<p style=\"text-align: center;\">\u0421 \u043d\u0430\u0448\u0438\u043c \u043e\u0431\u0448\u0438\u0440\u043d\u044b\u043c \u043e\u043f\u044b\u0442\u043e\u043c \u0432 \u043e\u0431\u043b\u0430\u0441\u0442\u0438 \u0432\u043d\u0435\u0448\u043d\u0435\u0439 \u0442\u043e\u0440\u0433\u043e\u0432\u043b\u0438, \u0438\u043c\u043f\u043e\u0440\u0442\u0430 \u0438 \u044d\u043a\u0441\u043f\u043e\u0440\u0442\u0430, \u043c\u044b \u0433\u043e\u0442\u043e\u0432\u044b \u043f\u0440\u0435\u0434\u043b\u043e\u0436\u0438\u0442\u044c \u0432\u0430\u043c \u043d\u0430\u0438\u043b\u0443\u0447\u0448\u0438\u0435 \u0442\u043e\u0440\u0433\u043e\u0432\u044b\u0435 \u0440\u0435\u0448\u0435\u043d\u0438\u044f!<\/p>\t\t\t\t\t\t\t\t<\/div>\n\t\t\t\t<\/div>\n\t\t\t\t\t<\/div>\n\t\t<\/div>\n\t\t\t\t<div class=\"elementor-column elementor-col-25 elementor-inner-column elementor-element elementor-element-81cf236 elementor-hidden-tablet elementor-hidden-mobile\" data-id=\"81cf236\" data-element_type=\"column\">\n\t\t\t<div class=\"elementor-widget-wrap\">\n\t\t\t\t\t\t\t<\/div>\n\t\t<\/div>\n\t\t\t\t\t<\/div>\n\t\t<\/section>\n\t\t\t\t<section class=\"elementor-section elementor-inner-section elementor-element elementor-element-89a5823 elementor-section-boxed elementor-section-height-default elementor-section-height-default\" data-id=\"89a5823\" data-element_type=\"section\">\n\t\t\t\t\t\t<div class=\"elementor-container elementor-column-gap-no\">\n\t\t\t\t\t<div class=\"elementor-column elementor-col-25 elementor-inner-column elementor-element elementor-element-9883f01 hizmet-kutu\" data-id=\"9883f01\" data-element_type=\"column\" data-settings=\"{&quot;background_background&quot;:&quot;classic&quot;}\">\n\t\t\t<div class=\"elementor-widget-wrap elementor-element-populated\">\n\t\t\t\t\t\t<div class=\"elementor-element elementor-element-8459ef2 elementor-widget elementor-widget-image\" data-id=\"8459ef2\" data-element_type=\"widget\" data-widget_type=\"image.default\">\n\t\t\t\t<div class=\"elementor-widget-container\">\n\t\t\t\t\t\t\t\t\t\t\t\t\t\t\t\t<a href=\"https:\/\/sarpul.com\/ru\/faaliyet\/pazar-analizleri-pazara-giris-calismalari\/\">\n\t\t\t\t\t\t\t<img fetchpriority=\"high\" decoding=\"async\" width=\"500\" height=\"333\" src=\"https:\/\/sarpul.com\/wp-content\/uploads\/2023\/08\/sarpul-faaliyet-7-500x333.jpg\" class=\"attachment-medium size-medium wp-image-800\" alt=\"\" srcset=\"https:\/\/sarpul.com\/wp-content\/uploads\/2023\/08\/sarpul-faaliyet-7-500x333.jpg 500w, https:\/\/sarpul.com\/wp-content\/uploads\/2023\/08\/sarpul-faaliyet-7-300x200.jpg 300w, https:\/\/sarpul.com\/wp-content\/uploads\/2023\/08\/sarpul-faaliyet-7-113x75.jpg 113w, https:\/\/sarpul.com\/wp-content\/uploads\/2023\/08\/sarpul-faaliyet-7-480x320.jpg 480w, https:\/\/sarpul.com\/wp-content\/uploads\/2023\/08\/sarpul-faaliyet-7.jpg 750w\" sizes=\"(max-width:767px) 480px, 500px\" \/>\t\t\t\t\t\t\t\t<\/a>\n\t\t\t\t\t\t\t\t\t\t\t\t\t\t\t<\/div>\n\t\t\t\t<\/div>\n\t\t\t\t<div class=\"elementor-element elementor-element-8435693 hizmet-baslik elementor-widget elementor-widget-heading\" data-id=\"8435693\" data-element_type=\"widget\" data-widget_type=\"heading.default\">\n\t\t\t\t<div class=\"elementor-widget-container\">\n\t\t\t\t\t<h4 class=\"elementor-heading-title elementor-size-default\"><a href=\"https:\/\/sarpul.com\/ru\/faaliyet\/pazar-analizleri-pazara-giris-calismalari\/\">\u0410\u043d\u0430\u043b\u0438\u0437 \u0440\u044b\u043d\u043a\u0430 <br>\u0438\u0441\u0441\u043b\u0435\u0434\u043e\u0432\u0430\u043d\u0438\u044f \u0432\u044b\u0445\u043e\u0434\u0430 \u043d\u0430 \u0440\u044b\u043d\u043e\u043a<\/a><\/h4>\t\t\t\t<\/div>\n\t\t\t\t<\/div>\n\t\t\t\t\t<\/div>\n\t\t<\/div>\n\t\t\t\t<div class=\"elementor-column elementor-col-25 elementor-inner-column elementor-element elementor-element-e4f5c5c hizmet-kutu\" data-id=\"e4f5c5c\" data-element_type=\"column\" data-settings=\"{&quot;background_background&quot;:&quot;classic&quot;}\">\n\t\t\t<div class=\"elementor-widget-wrap elementor-element-populated\">\n\t\t\t\t\t\t<div class=\"elementor-element elementor-element-9f9777f elementor-widget elementor-widget-image\" data-id=\"9f9777f\" data-element_type=\"widget\" data-widget_type=\"image.default\">\n\t\t\t\t<div class=\"elementor-widget-container\">\n\t\t\t\t\t\t\t\t\t\t\t\t\t\t\t\t<a href=\"https:\/\/sarpul.com\/ru\/faaliyet\/danismanlik-hizmetleri\/\">\n\t\t\t\t\t\t\t<img decoding=\"async\" width=\"500\" height=\"333\" src=\"https:\/\/sarpul.com\/wp-content\/uploads\/2023\/08\/sarpul-faaliyet-6-500x333.jpg\" class=\"attachment-medium size-medium wp-image-801\" alt=\"\" srcset=\"https:\/\/sarpul.com\/wp-content\/uploads\/2023\/08\/sarpul-faaliyet-6-500x333.jpg 500w, https:\/\/sarpul.com\/wp-content\/uploads\/2023\/08\/sarpul-faaliyet-6-300x200.jpg 300w, https:\/\/sarpul.com\/wp-content\/uploads\/2023\/08\/sarpul-faaliyet-6-113x75.jpg 113w, https:\/\/sarpul.com\/wp-content\/uploads\/2023\/08\/sarpul-faaliyet-6-480x320.jpg 480w, https:\/\/sarpul.com\/wp-content\/uploads\/2023\/08\/sarpul-faaliyet-6.jpg 750w\" sizes=\"(max-width:767px) 480px, 500px\" \/>\t\t\t\t\t\t\t\t<\/a>\n\t\t\t\t\t\t\t\t\t\t\t\t\t\t\t<\/div>\n\t\t\t\t<\/div>\n\t\t\t\t<div class=\"elementor-element elementor-element-becaa18 hizmet-baslik elementor-widget elementor-widget-heading\" data-id=\"becaa18\" data-element_type=\"widget\" data-widget_type=\"heading.default\">\n\t\t\t\t<div class=\"elementor-widget-container\">\n\t\t\t\t\t<h4 class=\"elementor-heading-title elementor-size-default\"><a href=\"https:\/\/sarpul.com\/ru\/faaliyet\/danismanlik-hizmetleri\/\">\u041a\u043e\u043d\u0441\u0443\u043b\u044c\u0442\u0430\u0446\u0438\u043e\u043d\u043d\u044b\u0435 <br>\u0443\u0441\u043b\u0443\u0433\u0438<\/a><\/h4>\t\t\t\t<\/div>\n\t\t\t\t<\/div>\n\t\t\t\t\t<\/div>\n\t\t<\/div>\n\t\t\t\t<div class=\"elementor-column elementor-col-25 elementor-inner-column elementor-element elementor-element-6cdb2a9 hizmet-kutu\" data-id=\"6cdb2a9\" data-element_type=\"column\" data-settings=\"{&quot;background_background&quot;:&quot;classic&quot;}\">\n\t\t\t<div class=\"elementor-widget-wrap elementor-element-populated\">\n\t\t\t\t\t\t<div class=\"elementor-element elementor-element-2bc385f elementor-widget elementor-widget-image\" data-id=\"2bc385f\" data-element_type=\"widget\" data-widget_type=\"image.default\">\n\t\t\t\t<div class=\"elementor-widget-container\">\n\t\t\t\t\t\t\t\t\t\t\t\t\t\t\t\t<a href=\"https:\/\/sarpul.com\/ru\/faaliyet\/rusca-turkce-ingilizce-teknik-tercume\/\">\n\t\t\t\t\t\t\t<img decoding=\"async\" width=\"500\" height=\"333\" src=\"https:\/\/sarpul.com\/wp-content\/uploads\/2023\/08\/sarpul-faaliyet-5-500x333.jpg\" class=\"attachment-medium size-medium wp-image-802\" alt=\"\" srcset=\"https:\/\/sarpul.com\/wp-content\/uploads\/2023\/08\/sarpul-faaliyet-5-500x333.jpg 500w, https:\/\/sarpul.com\/wp-content\/uploads\/2023\/08\/sarpul-faaliyet-5-300x200.jpg 300w, https:\/\/sarpul.com\/wp-content\/uploads\/2023\/08\/sarpul-faaliyet-5-113x75.jpg 113w, https:\/\/sarpul.com\/wp-content\/uploads\/2023\/08\/sarpul-faaliyet-5-480x320.jpg 480w, https:\/\/sarpul.com\/wp-content\/uploads\/2023\/08\/sarpul-faaliyet-5.jpg 750w\" sizes=\"(max-width:767px) 480px, 500px\" \/>\t\t\t\t\t\t\t\t<\/a>\n\t\t\t\t\t\t\t\t\t\t\t\t\t\t\t<\/div>\n\t\t\t\t<\/div>\n\t\t\t\t<div class=\"elementor-element elementor-element-63138c4 hizmet-baslik elementor-widget elementor-widget-heading\" data-id=\"63138c4\" data-element_type=\"widget\" data-widget_type=\"heading.default\">\n\t\t\t\t<div class=\"elementor-widget-container\">\n\t\t\t\t\t<h4 class=\"elementor-heading-title elementor-size-default\"><a href=\"https:\/\/sarpul.com\/ru\/faaliyet\/rusca-turkce-ingilizce-teknik-tercume\/\">\u0422\u0435\u0445\u043d\u0438\u0447\u0435\u0441\u043a\u0438\u0439 \u043f\u0435\u0440\u0435\u0432\u043e\u0434 <br>\u043d\u0430 \u0440\u0443\u0441\u0441\u043a\u0438\u0439, \u0442\u0443\u0440\u0435\u0446\u043a\u0438\u0439 \u0438 \u0430\u043d\u0433\u043b\u0438\u0439\u0441\u043a\u0438\u0439 \u044f\u0437\u044b\u043a\u0438<\/a><\/h4>\t\t\t\t<\/div>\n\t\t\t\t<\/div>\n\t\t\t\t\t<\/div>\n\t\t<\/div>\n\t\t\t\t<div class=\"elementor-column elementor-col-25 elementor-inner-column elementor-element elementor-element-aee389c hizmet-kutu\" data-id=\"aee389c\" data-element_type=\"column\" data-settings=\"{&quot;background_background&quot;:&quot;classic&quot;}\">\n\t\t\t<div class=\"elementor-widget-wrap elementor-element-populated\">\n\t\t\t\t\t\t<div class=\"elementor-element elementor-element-554d233 elementor-widget elementor-widget-image\" data-id=\"554d233\" data-element_type=\"widget\" data-widget_type=\"image.default\">\n\t\t\t\t<div class=\"elementor-widget-container\">\n\t\t\t\t\t\t\t\t\t\t\t\t\t\t\t\t<a href=\"https:\/\/sarpul.com\/ru\/faaliyet\/rusyada-sertifika-ve-belgelendirme-hizmeti\/\">\n\t\t\t\t\t\t\t<img loading=\"lazy\" decoding=\"async\" width=\"500\" height=\"333\" src=\"https:\/\/sarpul.com\/wp-content\/uploads\/2023\/08\/sarpul-faaliyet-4-500x333.jpg\" class=\"attachment-medium size-medium wp-image-803\" alt=\"\" srcset=\"https:\/\/sarpul.com\/wp-content\/uploads\/2023\/08\/sarpul-faaliyet-4-500x333.jpg 500w, https:\/\/sarpul.com\/wp-content\/uploads\/2023\/08\/sarpul-faaliyet-4-300x200.jpg 300w, https:\/\/sarpul.com\/wp-content\/uploads\/2023\/08\/sarpul-faaliyet-4-113x75.jpg 113w, https:\/\/sarpul.com\/wp-content\/uploads\/2023\/08\/sarpul-faaliyet-4-480x320.jpg 480w, https:\/\/sarpul.com\/wp-content\/uploads\/2023\/08\/sarpul-faaliyet-4.jpg 750w\" sizes=\"(max-width:767px) 480px, 500px\" \/>\t\t\t\t\t\t\t\t<\/a>\n\t\t\t\t\t\t\t\t\t\t\t\t\t\t\t<\/div>\n\t\t\t\t<\/div>\n\t\t\t\t<div class=\"elementor-element elementor-element-834a98f hizmet-baslik elementor-widget elementor-widget-heading\" data-id=\"834a98f\" data-element_type=\"widget\" data-widget_type=\"heading.default\">\n\t\t\t\t<div class=\"elementor-widget-container\">\n\t\t\t\t\t<h4 class=\"elementor-heading-title elementor-size-default\"><a href=\"https:\/\/sarpul.com\/ru\/faaliyet\/rusyada-sertifika-ve-belgelendirme-hizmeti\/\">\u0421\u0435\u0440\u0442\u0438\u0444\u0438\u043a\u0430\u0446\u0438\u044f <br>\u0432 \u0420\u043e\u0441\u0441\u0438\u0438<\/a><\/h4>\t\t\t\t<\/div>\n\t\t\t\t<\/div>\n\t\t\t\t\t<\/div>\n\t\t<\/div>\n\t\t\t\t\t<\/div>\n\t\t<\/section>\n\t\t\t\t<section class=\"elementor-section elementor-inner-section elementor-element elementor-element-1f93b12 elementor-section-boxed elementor-section-height-default elementor-section-height-default\" data-id=\"1f93b12\" data-element_type=\"section\">\n\t\t\t\t\t\t<div class=\"elementor-container elementor-column-gap-no\">\n\t\t\t\t\t<div class=\"elementor-column elementor-col-25 elementor-inner-column elementor-element elementor-element-9a33c91 hizmet-kutu\" data-id=\"9a33c91\" data-element_type=\"column\" data-settings=\"{&quot;background_background&quot;:&quot;classic&quot;}\">\n\t\t\t<div class=\"elementor-widget-wrap elementor-element-populated\">\n\t\t\t\t\t\t<div class=\"elementor-element elementor-element-d47d70a elementor-widget elementor-widget-image\" data-id=\"d47d70a\" data-element_type=\"widget\" data-widget_type=\"image.default\">\n\t\t\t\t<div class=\"elementor-widget-container\">\n\t\t\t\t\t\t\t\t\t\t\t\t\t\t\t\t<a href=\"https:\/\/sarpul.com\/ru\/faaliyet\/temsilcilik-ve-distributorluk-hizmetleri\/\">\n\t\t\t\t\t\t\t<img loading=\"lazy\" decoding=\"async\" width=\"500\" height=\"333\" src=\"https:\/\/sarpul.com\/wp-content\/uploads\/2023\/08\/sarpul-faaliyet-3-500x333.jpg\" class=\"attachment-medium size-medium wp-image-804\" alt=\"\" srcset=\"https:\/\/sarpul.com\/wp-content\/uploads\/2023\/08\/sarpul-faaliyet-3-500x333.jpg 500w, https:\/\/sarpul.com\/wp-content\/uploads\/2023\/08\/sarpul-faaliyet-3-300x200.jpg 300w, https:\/\/sarpul.com\/wp-content\/uploads\/2023\/08\/sarpul-faaliyet-3-113x75.jpg 113w, https:\/\/sarpul.com\/wp-content\/uploads\/2023\/08\/sarpul-faaliyet-3-480x320.jpg 480w, https:\/\/sarpul.com\/wp-content\/uploads\/2023\/08\/sarpul-faaliyet-3.jpg 750w\" sizes=\"(max-width:767px) 480px, 500px\" \/>\t\t\t\t\t\t\t\t<\/a>\n\t\t\t\t\t\t\t\t\t\t\t\t\t\t\t<\/div>\n\t\t\t\t<\/div>\n\t\t\t\t<div class=\"elementor-element elementor-element-01dbd69 hizmet-baslik elementor-widget elementor-widget-heading\" data-id=\"01dbd69\" data-element_type=\"widget\" data-widget_type=\"heading.default\">\n\t\t\t\t<div class=\"elementor-widget-container\">\n\t\t\t\t\t<h4 class=\"elementor-heading-title elementor-size-default\"><a href=\"https:\/\/sarpul.com\/ru\/faaliyet\/temsilcilik-ve-distributorluk-hizmetleri\/\">\u0423\u0441\u043b\u0443\u0433\u0438 \u043f\u0440\u0435\u0434\u0441\u0442\u0430\u0432\u0438\u0442\u0435\u043b\u044c\u0441\u0442\u0432\u0430 \u0438 <br>\u0434\u0438\u0441\u0442\u0440\u0438\u0431\u0443\u0446\u0438\u0438<\/a><\/h4>\t\t\t\t<\/div>\n\t\t\t\t<\/div>\n\t\t\t\t\t<\/div>\n\t\t<\/div>\n\t\t\t\t<div class=\"elementor-column elementor-col-25 elementor-inner-column elementor-element elementor-element-15504f8 hizmet-kutu\" data-id=\"15504f8\" data-element_type=\"column\" data-settings=\"{&quot;background_background&quot;:&quot;classic&quot;}\">\n\t\t\t<div class=\"elementor-widget-wrap elementor-element-populated\">\n\t\t\t\t\t\t<div class=\"elementor-element elementor-element-2460466 elementor-widget elementor-widget-image\" data-id=\"2460466\" data-element_type=\"widget\" data-widget_type=\"image.default\">\n\t\t\t\t<div class=\"elementor-widget-container\">\n\t\t\t\t\t\t\t\t\t\t\t\t\t\t\t\t<a href=\"https:\/\/sarpul.com\/ru\/faaliyet\/is-gelistirme\/\">\n\t\t\t\t\t\t\t<img loading=\"lazy\" decoding=\"async\" width=\"500\" height=\"333\" src=\"https:\/\/sarpul.com\/wp-content\/uploads\/2023\/08\/sarpul-faaliyet-2-500x333.jpg\" class=\"attachment-medium size-medium wp-image-805\" alt=\"\" srcset=\"https:\/\/sarpul.com\/wp-content\/uploads\/2023\/08\/sarpul-faaliyet-2-500x333.jpg 500w, https:\/\/sarpul.com\/wp-content\/uploads\/2023\/08\/sarpul-faaliyet-2-300x200.jpg 300w, https:\/\/sarpul.com\/wp-content\/uploads\/2023\/08\/sarpul-faaliyet-2-113x75.jpg 113w, https:\/\/sarpul.com\/wp-content\/uploads\/2023\/08\/sarpul-faaliyet-2-480x320.jpg 480w, https:\/\/sarpul.com\/wp-content\/uploads\/2023\/08\/sarpul-faaliyet-2.jpg 750w\" sizes=\"(max-width:767px) 480px, 500px\" \/>\t\t\t\t\t\t\t\t<\/a>\n\t\t\t\t\t\t\t\t\t\t\t\t\t\t\t<\/div>\n\t\t\t\t<\/div>\n\t\t\t\t<div class=\"elementor-element elementor-element-e208d3a hizmet-baslik elementor-widget elementor-widget-heading\" data-id=\"e208d3a\" data-element_type=\"widget\" data-widget_type=\"heading.default\">\n\t\t\t\t<div class=\"elementor-widget-container\">\n\t\t\t\t\t<h4 class=\"elementor-heading-title elementor-size-default\"><a href=\"https:\/\/sarpul.com\/ru\/faaliyet\/is-gelistirme\/\">\u0420\u0430\u0437\u0432\u0438\u0442\u0438\u0435 <br>\u0431\u0438\u0437\u043d\u0435\u0441\u0430<\/a><\/h4>\t\t\t\t<\/div>\n\t\t\t\t<\/div>\n\t\t\t\t\t<\/div>\n\t\t<\/div>\n\t\t\t\t<div class=\"elementor-column elementor-col-25 elementor-inner-column elementor-element elementor-element-0624898 hizmet-kutu\" data-id=\"0624898\" data-element_type=\"column\" data-settings=\"{&quot;background_background&quot;:&quot;classic&quot;}\">\n\t\t\t<div class=\"elementor-widget-wrap elementor-element-populated\">\n\t\t\t\t\t\t<div class=\"elementor-element elementor-element-845988c elementor-widget elementor-widget-image\" data-id=\"845988c\" data-element_type=\"widget\" data-widget_type=\"image.default\">\n\t\t\t\t<div class=\"elementor-widget-container\">\n\t\t\t\t\t\t\t\t\t\t\t\t\t\t\t\t<a href=\"https:\/\/sarpul.com\/ru\/faaliyet\/marketing-calismalari\/\">\n\t\t\t\t\t\t\t<img loading=\"lazy\" decoding=\"async\" width=\"500\" height=\"333\" src=\"https:\/\/sarpul.com\/wp-content\/uploads\/2023\/08\/sarpul-faaliyet-1-500x333.jpg\" class=\"attachment-medium size-medium wp-image-806\" alt=\"\" srcset=\"https:\/\/sarpul.com\/wp-content\/uploads\/2023\/08\/sarpul-faaliyet-1-500x333.jpg 500w, https:\/\/sarpul.com\/wp-content\/uploads\/2023\/08\/sarpul-faaliyet-1-300x200.jpg 300w, https:\/\/sarpul.com\/wp-content\/uploads\/2023\/08\/sarpul-faaliyet-1-113x75.jpg 113w, https:\/\/sarpul.com\/wp-content\/uploads\/2023\/08\/sarpul-faaliyet-1-480x320.jpg 480w, https:\/\/sarpul.com\/wp-content\/uploads\/2023\/08\/sarpul-faaliyet-1.jpg 750w\" sizes=\"(max-width:767px) 480px, 500px\" \/>\t\t\t\t\t\t\t\t<\/a>\n\t\t\t\t\t\t\t\t\t\t\t\t\t\t\t<\/div>\n\t\t\t\t<\/div>\n\t\t\t\t<div class=\"elementor-element elementor-element-1a4c255 hizmet-baslik elementor-widget elementor-widget-heading\" data-id=\"1a4c255\" data-element_type=\"widget\" data-widget_type=\"heading.default\">\n\t\t\t\t<div class=\"elementor-widget-container\">\n\t\t\t\t\t<h4 class=\"elementor-heading-title elementor-size-default\"><a href=\"https:\/\/sarpul.com\/ru\/faaliyet\/marketing-calismalari\/\">\u041c\u0430\u0440\u043a\u0435\u0442\u0438\u043d\u0433\u043e\u0432\u0430\u044f<br> \u0434\u0435\u044f\u0442\u0435\u043b\u044c\u043d\u043e\u0441\u0442\u044c<\/a><\/h4>\t\t\t\t<\/div>\n\t\t\t\t<\/div>\n\t\t\t\t\t<\/div>\n\t\t<\/div>\n\t\t\t\t<div class=\"elementor-column elementor-col-25 elementor-inner-column elementor-element elementor-element-d1f8b1c hizmet-kutu elementor-hidden-desktop elementor-hidden-tablet elementor-hidden-mobile\" data-id=\"d1f8b1c\" data-element_type=\"column\" data-settings=\"{&quot;background_background&quot;:&quot;classic&quot;}\">\n\t\t\t<div class=\"elementor-widget-wrap\">\n\t\t\t\t\t\t\t<\/div>\n\t\t<\/div>\n\t\t\t\t\t<\/div>\n\t\t<\/section>\n\t\t\t\t\t<\/div>\n\t\t<\/div>\n\t\t\t\t\t<\/div>\n\t\t<\/section>\n\t\t\t\t<\/div>","protected":false},"excerpt":{"rendered":"<p>Faaliyet Alanlar\u0131m\u0131z D\u0131\u015f ticaret, ithalat ve ihracat alanlar\u0131ndaki zengin deneyimimizle size en uygun ticaret \u00e7\u00f6z\u00fcmleri i\u00e7in buraday\u0131z! Pazar Analizleri, Pazara Giri\u015f \u00c7al\u0131\u015fmalar\u0131 Dan\u0131\u015fmanl\u0131k Hizmetleri Rus\u00e7a-T\u00fcrk\u00e7e-\u0130ngilizce Teknik<span class=\"excerpt-hellip\"> [\u2026]<\/span><\/p>","protected":false},"author":1,"featured_media":0,"parent":0,"menu_order":0,"comment_status":"closed","ping_status":"closed","template":"","meta":{"footnotes":""},"class_list":["post-515","page","type-page","status-publish","hentry"],"_links":{"self":[{"href":"https:\/\/sarpul.com\/ru\/wp-json\/wp\/v2\/pages\/515","targetHints":{"allow":["GET"]}}],"collection":[{"href":"https:\/\/sarpul.com\/ru\/wp-json\/wp\/v2\/pages"}],"about":[{"href":"https:\/\/sarpul.com\/ru\/wp-json\/wp\/v2\/types\/page"}],"author":[{"embeddable":true,"href":"https:\/\/sarpul.com\/ru\/wp-json\/wp\/v2\/users\/1"}],"replies":[{"embeddable":true,"href":"https:\/\/sarpul.com\/ru\/wp-json\/wp\/v2\/comments?post=515"}],"version-history":[{"count":0,"href":"https:\/\/sarpul.com\/ru\/wp-json\/wp\/v2\/pages\/515\/revisions"}],"wp:attachment":[{"href":"https:\/\/sarpul.com\/ru\/wp-json\/wp\/v2\/media?parent=515"}],"curies":[{"name":"wp","href":"https:\/\/api.w.org\/{rel}","templated":true}]}}